{"id":67,"date":"2025-10-28T12:42:39","date_gmt":"2025-10-28T12:42:39","guid":{"rendered":"https:\/\/corpsenharmonie.com\/?page_id=67"},"modified":"2025-10-29T10:01:01","modified_gmt":"2025-10-29T09:01:01","slug":"soins-therapeutiques","status":"publish","type":"page","link":"https:\/\/corpsenharmonie.com\/index.php\/soins-therapeutiques\/","title":{"rendered":"Soins Th\u00e9rapeutiques"},"content":{"rendered":"\n<p class=\"has-text-align-center has-superbfont-xlarge-font-size\" style=\"text-decoration:underline\">Soins Th\u00e9rapeutiques<\/p>\n\n\n\n<figure class=\"wp-block-image aligncenter size-full\"><img loading=\"lazy\" decoding=\"async\" width=\"2537\" height=\"565\" src=\"https:\/\/corpsenharmonie.com\/wp-content\/uploads\/2025\/10\/f24508_303e342fc05d4e0786e5aeb1d6cad7f5mv2.jpg\" alt=\"\" class=\"wp-image-68\" srcset=\"https:\/\/corpsenharmonie.com\/wp-content\/uploads\/2025\/10\/f24508_303e342fc05d4e0786e5aeb1d6cad7f5mv2.jpg 2537w, https:\/\/corpsenharmonie.com\/wp-content\/uploads\/2025\/10\/f24508_303e342fc05d4e0786e5aeb1d6cad7f5mv2-300x67.jpg 300w, https:\/\/corpsenharmonie.com\/wp-content\/uploads\/2025\/10\/f24508_303e342fc05d4e0786e5aeb1d6cad7f5mv2-1024x228.jpg 1024w, https:\/\/corpsenharmonie.com\/wp-content\/uploads\/2025\/10\/f24508_303e342fc05d4e0786e5aeb1d6cad7f5mv2-768x171.jpg 768w, https:\/\/corpsenharmonie.com\/wp-content\/uploads\/2025\/10\/f24508_303e342fc05d4e0786e5aeb1d6cad7f5mv2-1536x342.jpg 1536w, https:\/\/corpsenharmonie.com\/wp-content\/uploads\/2025\/10\/f24508_303e342fc05d4e0786e5aeb1d6cad7f5mv2-2048x456.jpg 2048w\" sizes=\"auto, (max-width: 2537px) 100vw, 2537px\" \/><\/figure>\n\n\n\n<div class=\"wp-block-columns is-layout-flex wp-container-core-columns-is-layout-28f84493 wp-block-columns-is-layout-flex\">\n<div class=\"wp-block-column is-layout-flow wp-block-column-is-layout-flow\">\n<p class=\"has-text-align-center has-mono-4-background-color has-background\" style=\"border-radius:20px\"><strong>Premi\u00e8re consultation<\/strong><br><br>Un premier temps d&rsquo;\u00e9coute, suivi d&rsquo;un soin th\u00e9rapeutique personnalis\u00e9 <br><br>Lors de la premi\u00e8re s\u00e9ance, nous commen\u00e7ons par un \u00e9change pour \u00e9tablir un bilan \u00e9nerg\u00e9tique personnalis\u00e9. En fonction de vos besoins et du diagnostic, un soin th\u00e9rapeutique sera propos\u00e9 avec une s\u00e9ance d\u2019acupuncture, associ\u00e9e \u00e0 d\u2019autres m\u00e9thodes (comme massage Tui Na, moxibustion&#8230;) pour maximiser les bienfaits. L\u2019objectif : r\u00e9tablir votre \u00e9quilibre de mani\u00e8re naturelle et efficace<br><br>2 h<br>70\u20ac<\/p>\n<\/div>\n\n\n\n<div class=\"wp-block-column is-layout-flow wp-block-column-is-layout-flow\">\n<p class=\"has-text-align-center has-mono-4-background-color has-background\" style=\"border-radius:20px\"><strong>Suivi de consultation<\/strong><br><br>Soin pour renforcer les bienfaits du soin pr\u00e9c\u00e9dent <br><br>Une s\u00e9ance d&rsquo;entretien permet de consolider les bienfaits du soin \u00e9nerg\u00e9tique pr\u00e9c\u00e9dent, en ajustant et renfor\u00e7ant les effets d\u00e9j\u00e0 initi\u00e9s. Elle vise \u00e0 maintenir l&rsquo;\u00e9quilibre et \u00e0 soutenir durablement votre bien-\u00eatre.<br><br>1 h<br>50 \u20ac<\/p>\n<\/div>\n<\/div>\n\n\n\n<div class=\"wp-block-buttons is-content-justification-center is-layout-flex wp-container-core-buttons-is-layout-a89b3969 wp-block-buttons-is-layout-flex\">\n<div class=\"wp-block-button\"><a class=\"wp-block-button__link has-contrast-light-color has-text-color has-link-color has-superbfont-large-font-size has-custom-font-size wp-element-button\" href=\"https:\/\/corpsenharmonie.com\/index.php\/contact\/\"><strong>R\u00e9server votre rendez vous<\/strong><\/a><\/div>\n<\/div>\n\n\n\n<p><\/p>\n","protected":false},"excerpt":{"rendered":"<p>Soins Th\u00e9rapeutiques Premi\u00e8re consultation Un premier temps d&rsquo;\u00e9coute, suivi d&rsquo;un soin th\u00e9rapeutique personnalis\u00e9 Lors de la premi\u00e8re s\u00e9ance, nous commen\u00e7ons par un \u00e9change pour \u00e9tablir un bilan \u00e9nerg\u00e9tique personnalis\u00e9. En fonction de vos besoins et du diagnostic, un soin th\u00e9rapeutique sera propos\u00e9 avec une s\u00e9ance d\u2019acupuncture, associ\u00e9e \u00e0 d\u2019autres m\u00e9thodes (comme massage Tui Na, moxibustion&#8230;) [&hellip;]<\/p>\n","protected":false},"author":1,"featured_media":0,"parent":0,"menu_order":0,"comment_status":"closed","ping_status":"closed","template":"page-full-width","meta":{"footnotes":""},"class_list":["post-67","page","type-page","status-publish","hentry"],"_links":{"self":[{"href":"https:\/\/corpsenharmonie.com\/index.php\/wp-json\/wp\/v2\/pages\/67","targetHints":{"allow":["GET"]}}],"collection":[{"href":"https:\/\/corpsenharmonie.com\/index.php\/wp-json\/wp\/v2\/pages"}],"about":[{"href":"https:\/\/corpsenharmonie.com\/index.php\/wp-json\/wp\/v2\/types\/page"}],"author":[{"embeddable":true,"href":"https:\/\/corpsenharmonie.com\/index.php\/wp-json\/wp\/v2\/users\/1"}],"replies":[{"embeddable":true,"href":"https:\/\/corpsenharmonie.com\/index.php\/wp-json\/wp\/v2\/comments?post=67"}],"version-history":[{"count":7,"href":"https:\/\/corpsenharmonie.com\/index.php\/wp-json\/wp\/v2\/pages\/67\/revisions"}],"predecessor-version":[{"id":99,"href":"https:\/\/corpsenharmonie.com\/index.php\/wp-json\/wp\/v2\/pages\/67\/revisions\/99"}],"wp:attachment":[{"href":"https:\/\/corpsenharmonie.com\/index.php\/wp-json\/wp\/v2\/media?parent=67"}],"curies":[{"name":"wp","href":"https:\/\/api.w.org\/{rel}","templated":true}]}}