{"id":51,"date":"2025-10-27T17:01:48","date_gmt":"2025-10-27T17:01:48","guid":{"rendered":"https:\/\/corpsenharmonie.com\/?page_id=51"},"modified":"2025-10-27T17:17:57","modified_gmt":"2025-10-27T17:17:57","slug":"qui-suis-je","status":"publish","type":"page","link":"https:\/\/corpsenharmonie.com\/index.php\/qui-suis-je\/","title":{"rendered":"Qui suis-je ?"},"content":{"rendered":"\n<figure class=\"wp-block-image aligncenter size-full has-custom-border\"><img loading=\"lazy\" decoding=\"async\" width=\"420\" height=\"420\" src=\"https:\/\/corpsenharmonie.com\/wp-content\/uploads\/2025\/10\/IMG-20240906-WA0001-1.jpg\" alt=\"\" class=\"wp-image-53\" style=\"border-radius:20px\" srcset=\"https:\/\/corpsenharmonie.com\/wp-content\/uploads\/2025\/10\/IMG-20240906-WA0001-1.jpg 420w, https:\/\/corpsenharmonie.com\/wp-content\/uploads\/2025\/10\/IMG-20240906-WA0001-1-300x300.jpg 300w, https:\/\/corpsenharmonie.com\/wp-content\/uploads\/2025\/10\/IMG-20240906-WA0001-1-150x150.jpg 150w\" sizes=\"auto, (max-width: 420px) 100vw, 420px\" \/><\/figure>\n\n\n\n<div class=\"wp-block-columns is-layout-flex wp-container-core-columns-is-layout-28f84493 wp-block-columns-is-layout-flex\">\n<div class=\"wp-block-column is-layout-flow wp-block-column-is-layout-flow\" style=\"flex-basis:100%\">\n<div class=\"wp-block-group is-nowrap is-layout-flex wp-container-core-group-is-layout-6c531013 wp-block-group-is-layout-flex\">\n<div class=\"wp-block-group has-mono-4-background-color has-background is-vertical is-layout-flex wp-container-core-group-is-layout-fe9cc265 wp-block-group-is-layout-flex\" style=\"border-radius:20px\">\n<p class=\"has-text-align-center has-superbfont-large-font-size\">A propos de moi&#8230;<\/p>\n\n\n\n<p>Depuis mon enfance, j\u2019ai toujours voulu aider les autres, ce qui m\u2019a naturellement men\u00e9 \u00e0 devenir infirmi\u00e8re. Forte de 15 ans d\u2019exp\u00e9rience en m\u00e9decine, chirurgie orthop\u00e9dique, dialyse et soins \u00e0 domicile, j\u2019ai ressenti le besoin d&rsquo;approfondir mes connaissances dans la pr\u00e9vention et l&rsquo;apprentissage \u00e0 d&rsquo;autres techniques de soins.<\/p>\n\n\n\n<p>Dipl\u00f4m\u00e9e de l\u2019Institut Ming Men de Nancy en M\u00e9decine traditionnelle chinoise, je propose aujourd&rsquo;hui des soins \u00e9nerg\u00e9tiques avec empathie, bienveillance et respect, pour favoriser un bien-\u00eatre durable et une approche naturelle de la sant\u00e9.<\/p>\n\n\n\n<p>Passionn\u00e9e par le chemin du Tao\/ de la Vie, je continue \u00e0 me former en Qi Gong &nbsp;et en d&rsquo;autres techniques de soins chinois ( Aculifting&#8230;)<\/p>\n\n\n\n<p>\u200b<\/p>\n\n\n\n<p>Alors, \u00eates-vous pr\u00eat(e) \u00e0 r\u00e9\u00e9quilibrer votre \u00e9nergie?<\/p>\n\n\n\n<p>Je suis l\u00e0 pour vous accompagner dans cette aventure vers le bien-\u00eatre \u00e0 soi!<\/p>\n\n\n\n<p><\/p>\n<\/div>\n<\/div>\n<\/div>\n<\/div>\n","protected":false},"excerpt":{"rendered":"<p>A propos de moi&#8230; Depuis mon enfance, j\u2019ai toujours voulu aider les autres, ce qui m\u2019a naturellement men\u00e9 \u00e0 devenir infirmi\u00e8re. Forte de 15 ans d\u2019exp\u00e9rience en m\u00e9decine, chirurgie orthop\u00e9dique, dialyse et soins \u00e0 domicile, j\u2019ai ressenti le besoin d&rsquo;approfondir mes connaissances dans la pr\u00e9vention et l&rsquo;apprentissage \u00e0 d&rsquo;autres techniques de soins. Dipl\u00f4m\u00e9e de l\u2019Institut [&hellip;]<\/p>\n","protected":false},"author":1,"featured_media":0,"parent":0,"menu_order":0,"comment_status":"closed","ping_status":"closed","template":"page-full-width","meta":{"footnotes":""},"class_list":["post-51","page","type-page","status-publish","hentry"],"_links":{"self":[{"href":"https:\/\/corpsenharmonie.com\/index.php\/wp-json\/wp\/v2\/pages\/51","targetHints":{"allow":["GET"]}}],"collection":[{"href":"https:\/\/corpsenharmonie.com\/index.php\/wp-json\/wp\/v2\/pages"}],"about":[{"href":"https:\/\/corpsenharmonie.com\/index.php\/wp-json\/wp\/v2\/types\/page"}],"author":[{"embeddable":true,"href":"https:\/\/corpsenharmonie.com\/index.php\/wp-json\/wp\/v2\/users\/1"}],"replies":[{"embeddable":true,"href":"https:\/\/corpsenharmonie.com\/index.php\/wp-json\/wp\/v2\/comments?post=51"}],"version-history":[{"count":3,"href":"https:\/\/corpsenharmonie.com\/index.php\/wp-json\/wp\/v2\/pages\/51\/revisions"}],"predecessor-version":[{"id":65,"href":"https:\/\/corpsenharmonie.com\/index.php\/wp-json\/wp\/v2\/pages\/51\/revisions\/65"}],"wp:attachment":[{"href":"https:\/\/corpsenharmonie.com\/index.php\/wp-json\/wp\/v2\/media?parent=51"}],"curies":[{"name":"wp","href":"https:\/\/api.w.org\/{rel}","templated":true}]}}