{"id":47,"date":"2025-10-27T16:54:25","date_gmt":"2025-10-27T16:54:25","guid":{"rendered":"https:\/\/corpsenharmonie.com\/?page_id=47"},"modified":"2025-10-29T09:51:05","modified_gmt":"2025-10-29T08:51:05","slug":"presentation","status":"publish","type":"page","link":"https:\/\/corpsenharmonie.com\/index.php\/presentation\/","title":{"rendered":"Pr\u00e9sentation"},"content":{"rendered":"\n<div class=\"wp-block-columns has-mono-4-background-color has-background is-layout-flex wp-container-core-columns-is-layout-28f84493 wp-block-columns-is-layout-flex\" style=\"border-radius:20px\">\n<div class=\"wp-block-column is-layout-flow wp-block-column-is-layout-flow\" style=\"border-radius:20px\">\n<h1 class=\"wp-block-heading has-text-align-center has-mono-1-color has-text-color has-link-color wp-elements-c7a74f484b60fc5e55d34b5ec446fa9e\"><a href=\"https:\/\/noemiepetit15.wixsite.com\/my-site-1\/about-3\">La M\u00e9decine Traditionnelle Chinoise<\/a><\/h1>\n\n\n\n<p class=\"has-text-align-center has-superbfont-small-font-size\">La m\u00e9decine traditionnelle chinoise (MTC) est un syst\u00e8me de soins qui remonte \u00e0 plus de 3 000 ans, fond\u00e9 sur une approche holistique de la sant\u00e9. <br>Elle repose sur la notion d&rsquo;\u00e9quilibre entre le corps et l&rsquo;esprit, ainsi que sur les interactions entre l\u2019homme et son environnement.<\/p>\n\n\n\n<p class=\"has-text-align-center has-superbfont-small-font-size\">Au c\u0153ur de la MTC se trouve un ensemble de th\u00e9ories tel que le Qi (l&rsquo;Energie), le Yin et le Yang (forces oppos\u00e9es mais compl\u00e9mentaires) et les cinq \u00e9l\u00e9ments (bois, feu, terre, m\u00e9tal, eau), qui r\u00e9gissent les processus naturels du corps.<\/p>\n<\/div>\n<\/div>\n\n\n\n<div class=\"wp-block-columns are-vertically-aligned-center has-mono-4-background-color has-background is-layout-flex wp-container-core-columns-is-layout-28f84493 wp-block-columns-is-layout-flex\" style=\"border-radius:22px\">\n<div class=\"wp-block-column is-vertically-aligned-center is-layout-flow wp-block-column-is-layout-flow\">\n<figure class=\"wp-block-image aligncenter size-large has-custom-border is-style-default\" style=\"margin-right:0;margin-left:0\"><img loading=\"lazy\" decoding=\"async\" width=\"1024\" height=\"486\" src=\"https:\/\/corpsenharmonie.com\/wp-content\/uploads\/2025\/10\/11062b_6657891e635c4ceca7c864ebd8354e13mv2-1024x486.jpg\" alt=\"\" class=\"wp-image-57\" style=\"border-radius:16px\" srcset=\"https:\/\/corpsenharmonie.com\/wp-content\/uploads\/2025\/10\/11062b_6657891e635c4ceca7c864ebd8354e13mv2-1024x486.jpg 1024w, https:\/\/corpsenharmonie.com\/wp-content\/uploads\/2025\/10\/11062b_6657891e635c4ceca7c864ebd8354e13mv2-300x142.jpg 300w, https:\/\/corpsenharmonie.com\/wp-content\/uploads\/2025\/10\/11062b_6657891e635c4ceca7c864ebd8354e13mv2-768x365.jpg 768w, https:\/\/corpsenharmonie.com\/wp-content\/uploads\/2025\/10\/11062b_6657891e635c4ceca7c864ebd8354e13mv2.jpg 1266w\" sizes=\"auto, (max-width: 1024px) 100vw, 1024px\" \/><\/figure>\n<\/div>\n\n\n\n<div class=\"wp-block-column is-vertically-aligned-center is-layout-flow wp-block-column-is-layout-flow\">\n<h2 class=\"wp-block-heading has-superbfont-large-font-size\">Les M\u00e9ridiens<\/h2>\n\n\n\n<p class=\"has-superbfont-small-font-size\">Les m\u00e9ridiens sont des canaux ou voies \u00e9nerg\u00e9tiques invisibles par lesquels circule le Qi (\u00e9nergie vitale) dans le corps.<br>Il existe 12 principaux m\u00e9ridiens, chacun associ\u00e9 et reli\u00e9 \u00e0 un organe ou une fonction sp\u00e9cifique (comme le foie, le c\u0153ur, les poumons, la rate, les reins&#8230;).\u00a0<br>Quand l&rsquo;\u00e9nergie circule correctement dans ces m\u00e9ridiens, le corps est en bonne sant\u00e9. En revanche, si le flux d&rsquo;\u00e9nergie est bloqu\u00e9 ou d\u00e9s\u00e9quilibr\u00e9, cela peut entra\u00eener des troubles ou maladies.<\/p>\n\n\n\n<h2 class=\"wp-block-heading has-superbfont-large-font-size\">Les Objectifs<\/h2>\n\n\n\n<p class=\"has-superbfont-small-font-size\">La M\u00e9decine Chinoise vise \u00e0 r\u00e9tablir l&rsquo;\u00e9quilibre \u00e9nerg\u00e9tique dans le corps, pr\u00e9venir les maladies et promouvoir la long\u00e9vit\u00e9.<br>Elle cherche \u00e0 comprendre et r\u00e9soudre la source de vos d\u00e9s\u00e9quilibres. Que vous souffriez de douleurs chroniques, de stress, de troubles digestifs ou d\u2019insomnie, la MTC peut vous offrir une solution douce et efficace.<\/p>\n<\/div>\n<\/div>\n\n\n\n<div class=\"wp-block-columns alignfull are-vertically-aligned-center has-mono-4-background-color has-background is-layout-flex wp-container-core-columns-is-layout-28f84493 wp-block-columns-is-layout-flex\" style=\"border-radius:22px\">\n<div class=\"wp-block-column is-vertically-aligned-center is-layout-flow wp-block-column-is-layout-flow\">\n<h2 class=\"wp-block-heading has-superbfont-large-font-size\">Les Techniques de Soins<\/h2>\n\n\n\n<ul class=\"wp-block-list has-superbfont-xxsmall-font-size\">\n<li class=\"has-superbfont-small-font-size\">Acupuncture :&nbsp;des aiguilles fines sont ins\u00e9r\u00e9es sur des points de m\u00e9ridiens du corps pour activer votre \u00e9nergie vitale (Qi) . Elle traite douleurs, stress, troubles digestifs, sommeil, et bien plus.<\/li>\n\n\n\n<li class=\"has-superbfont-small-font-size\">Massage Tui Na :&nbsp;ce massage allie pressions et \u00e9tirements pour lib\u00e9rer le Qi, soulageant tensions musculaires, douleurs articulaires, et apaisant le syst\u00e8me nerveux.<\/li>\n\n\n\n<li class=\"has-superbfont-small-font-size\">Qi Gong&nbsp;: mouvements doux et respiration renforcent l\u2019\u00e9nergie vitale, am\u00e9liorent la souplesse, et r\u00e9duisent le stress, tout en pr\u00e9venant les d\u00e9s\u00e9quilibres.<\/li>\n\n\n\n<li class=\"has-superbfont-small-font-size\">Di\u00e9t\u00e9tique chinoise :&nbsp;inspir\u00e9e du Yin-Yang et des cinq \u00e9l\u00e9ments, elle recommande des aliments adapt\u00e9s pour restaurer \u00e9quilibre et sant\u00e9.<\/li>\n\n\n\n<li class=\"has-superbfont-small-font-size\">Phytoth\u00e9rapie chinoise :&nbsp;plantes m\u00e9dicinales personnalis\u00e9es (tisanes, poudres, comprim\u00e9s) r\u00e9\u00e9quilibrent l\u2019\u00e9nergie et soignent vos maux ( non pratiqu\u00e9e par mes soins en cabinet).<\/li>\n<\/ul>\n\n\n\n<p class=\"has-superbfont-small-font-size\">Ces techniques, combin\u00e9es ou adapt\u00e9es, offrent des soins complets et personnalis\u00e9s pour r\u00e9pondre \u00e0 vos besoins.<\/p>\n<\/div>\n\n\n\n<div class=\"wp-block-column is-vertically-aligned-center is-layout-flow wp-block-column-is-layout-flow\">\n<figure class=\"wp-block-image size-large has-custom-border\"><img loading=\"lazy\" decoding=\"async\" width=\"1024\" height=\"591\" src=\"https:\/\/corpsenharmonie.com\/wp-content\/uploads\/2025\/10\/11062b_49ef5bf3390a457fa69c207fbb6eafdamv21-1024x591.jpeg\" alt=\"\" class=\"wp-image-58\" style=\"border-radius:10px\" srcset=\"https:\/\/corpsenharmonie.com\/wp-content\/uploads\/2025\/10\/11062b_49ef5bf3390a457fa69c207fbb6eafdamv21-1024x591.jpeg 1024w, https:\/\/corpsenharmonie.com\/wp-content\/uploads\/2025\/10\/11062b_49ef5bf3390a457fa69c207fbb6eafdamv21-300x173.jpeg 300w, https:\/\/corpsenharmonie.com\/wp-content\/uploads\/2025\/10\/11062b_49ef5bf3390a457fa69c207fbb6eafdamv21-768x443.jpeg 768w, https:\/\/corpsenharmonie.com\/wp-content\/uploads\/2025\/10\/11062b_49ef5bf3390a457fa69c207fbb6eafdamv21.jpeg 1268w\" sizes=\"auto, (max-width: 1024px) 100vw, 1024px\" \/><\/figure>\n<\/div>\n<\/div>\n\n\n\n<p><\/p>\n","protected":false},"excerpt":{"rendered":"<p>La M\u00e9decine Traditionnelle Chinoise La m\u00e9decine traditionnelle chinoise (MTC) est un syst\u00e8me de soins qui remonte \u00e0 plus de 3 000 ans, fond\u00e9 sur une approche holistique de la sant\u00e9. Elle repose sur la notion d&rsquo;\u00e9quilibre entre le corps et l&rsquo;esprit, ainsi que sur les interactions entre l\u2019homme et son environnement. Au c\u0153ur de la [&hellip;]<\/p>\n","protected":false},"author":1,"featured_media":0,"parent":0,"menu_order":0,"comment_status":"closed","ping_status":"closed","template":"page-full-width","meta":{"footnotes":""},"class_list":["post-47","page","type-page","status-publish","hentry"],"_links":{"self":[{"href":"https:\/\/corpsenharmonie.com\/index.php\/wp-json\/wp\/v2\/pages\/47","targetHints":{"allow":["GET"]}}],"collection":[{"href":"https:\/\/corpsenharmonie.com\/index.php\/wp-json\/wp\/v2\/pages"}],"about":[{"href":"https:\/\/corpsenharmonie.com\/index.php\/wp-json\/wp\/v2\/types\/page"}],"author":[{"embeddable":true,"href":"https:\/\/corpsenharmonie.com\/index.php\/wp-json\/wp\/v2\/users\/1"}],"replies":[{"embeddable":true,"href":"https:\/\/corpsenharmonie.com\/index.php\/wp-json\/wp\/v2\/comments?post=47"}],"version-history":[{"count":7,"href":"https:\/\/corpsenharmonie.com\/index.php\/wp-json\/wp\/v2\/pages\/47\/revisions"}],"predecessor-version":[{"id":94,"href":"https:\/\/corpsenharmonie.com\/index.php\/wp-json\/wp\/v2\/pages\/47\/revisions\/94"}],"wp:attachment":[{"href":"https:\/\/corpsenharmonie.com\/index.php\/wp-json\/wp\/v2\/media?parent=47"}],"curies":[{"name":"wp","href":"https:\/\/api.w.org\/{rel}","templated":true}]}}